{"id":7980,"date":"2022-06-02T15:43:19","date_gmt":"2022-06-02T13:43:19","guid":{"rendered":"https:\/\/wasserngrat.ch.80-74-150-110.hobo.sui-inter.net\/landing\/"},"modified":"2024-03-29T16:52:11","modified_gmt":"2024-03-29T15:52:11","slug":"landing","status":"publish","type":"page","link":"https:\/\/wasserngrat.ch\/en\/landing\/","title":{"rendered":"WELCOME TO WASSERNGRAT"},"content":{"rendered":"<section class=\"l-section wpb_row splitlanding height_auto width_full\"><div class=\"l-section-h i-cf\"><div class=\"g-cols vc_row via_flex valign_middle type_default\"><div class=\"vc_col-sm-6 wpb_column vc_column_container has_bg_color\"><div class=\"vc_column-inner us_custom_3800aed5\"><div class=\"wpb_wrapper\"><div class=\"ult-spacer spacer-69e4d7904aad9\" data-id=\"69e4d7904aad9\" data-height=\"\" data-height-mobile=\"\" data-height-tab=\"\" data-height-tab-portrait=\"\" data-height-mobile-landscape=\"\" style=\"clear:both;display:block;\"><\/div><div class=\"w-image align_center\"><a href=\"\/home-restaurant\/\" aria-label=\"Link\" class=\"w-image-h\"><img width=\"300\" height=\"300\" src=\"https:\/\/wasserngrat.ch\/wp-content\/uploads\/2024\/03\/summer-season-wasserngrat-2024-300x300.jpg\" class=\"attachment-medium size-medium\" alt=\"\" loading=\"lazy\" srcset=\"https:\/\/wasserngrat.ch\/wp-content\/uploads\/2024\/03\/summer-season-wasserngrat-2024-300x300.jpg 300w, https:\/\/wasserngrat.ch\/wp-content\/uploads\/2024\/03\/summer-season-wasserngrat-2024-150x150.jpg 150w, https:\/\/wasserngrat.ch\/wp-content\/uploads\/2024\/03\/summer-season-wasserngrat-2024.jpg 1000w\" sizes=\"(max-width: 300px) 100vw, 300px\" \/><\/a><\/div><div class=\"ult-spacer spacer-69e4d7904b1f9\" data-id=\"69e4d7904b1f9\" data-height=\"40\" data-height-mobile=\"40\" data-height-tab=\"40\" data-height-tab-portrait=\"\" data-height-mobile-landscape=\"\" style=\"clear:both;display:block;\"><\/div><div class=\"ult-spacer spacer-69e4d7904b20c\" data-id=\"69e4d7904b20c\" data-height=\"\" data-height-mobile=\"\" data-height-tab=\"\" data-height-tab-portrait=\"\" data-height-mobile-landscape=\"\" style=\"clear:both;display:block;\"><\/div><div class=\"w-btn-wrapper align_center\"><a class=\"w-btn us-btn-style_3 us_custom_9ec8b768 has_text_color\" href=\"\/home-restaurant\/\"><span class=\"w-btn-label\">CLICK HERE TO OPEN THE RESTAURANT PAGE<\/span><\/a><\/div><div class=\"ult-spacer spacer-69e4d7904b4d8\" data-id=\"69e4d7904b4d8\" data-height=\"20\" data-height-mobile=\"20\" data-height-tab=\"20\" data-height-tab-portrait=\"\" data-height-mobile-landscape=\"\" style=\"clear:both;display:block;\"><\/div><div class=\"ult-spacer spacer-69e4d7904b4eb\" data-id=\"69e4d7904b4eb\" data-height=\"20\" data-height-mobile=\"20\" data-height-tab=\"20\" data-height-tab-portrait=\"\" data-height-mobile-landscape=\"\" style=\"clear:both;display:block;\"><\/div><div class=\"w-btn-wrapper align_center\"><a class=\"w-btn us-btn-style_3 us_custom_d984a24d\" target=\"_blank\" href=\"https:\/\/wasserngrat.ch\/restaurant\/\" rel=\"noopener\"><span class=\"w-btn-label\">BOOK YOUR LUNCH HERE<\/span><\/a><\/div><div class=\"ult-spacer spacer-69e4d7904b5fb\" data-id=\"69e4d7904b5fb\" data-height=\"20\" data-height-mobile=\"20\" data-height-tab=\"20\" data-height-tab-portrait=\"\" data-height-mobile-landscape=\"\" style=\"clear:both;display:block;\"><\/div><div class=\"w-btn-wrapper align_center\"><a class=\"w-btn us-btn-style_3 us_custom_d984a24d\" target=\"_blank\" href=\"\/wp-content\/uploads\/2022\/06\/Wedding-Wasserngrat_SAY-YES-WITH-A-VIEW.pdf\" rel=\"noopener\"><span class=\"w-btn-label\">CLICK HERE TO DOWNLOAD WEDDING BOOK WASSERNGRAT<\/span><\/a><\/div><div class=\"ult-spacer spacer-69e4d7904b6f5\" data-id=\"69e4d7904b6f5\" data-height=\"\" data-height-mobile=\"\" data-height-tab=\"\" data-height-tab-portrait=\"\" data-height-mobile-landscape=\"\" style=\"clear:both;display:block;\"><\/div><div class=\"ult-spacer spacer-69e4d7904b705\" data-id=\"69e4d7904b705\" data-height=\"\" data-height-mobile=\"\" data-height-tab=\"\" data-height-tab-portrait=\"\" data-height-mobile-landscape=\"\" style=\"clear:both;display:block;\"><\/div><div class=\"w-btn-wrapper align_center\"><a class=\"w-btn us-btn-style_3 us_custom_d984a24d\" target=\"_blank\" href=\"https:\/\/www.instagram.com\/bergrestaurant_wasserngrat\/\" rel=\"noopener\"><span class=\"w-btn-label\">FOLLOW US ON INSTAGRAM<\/span><\/a><\/div><div class=\"w-socials us_custom_f2e9d009 landinginstagram has_text_color color_brand shape_square style_default hover_slide\"><div class=\"w-socials-list\"><div class=\"w-socials-item instagram\"><a class=\"w-socials-item-link\" href=\"https:\/\/www.instagram.com\/bergrestaurant_wasserngrat\/\" target=\"_blank\" rel=\"noopener nofollow\" title=\"Instagram\" aria-label=\"Instagram\"><span class=\"w-socials-item-link-hover\"><\/span><i class=\"fab fa-instagram\"><\/i><\/a><div class=\"w-socials-item-popup\"><span>Instagram<\/span><\/div><\/div><\/div><\/div><\/div><\/div><\/div><div class=\"vc_col-sm-6 wpb_column vc_column_container has_bg_color\"><div class=\"vc_column-inner us_custom_607caec9\"><div class=\"wpb_wrapper\"><div class=\"ult-spacer spacer-69e4d7904bc6d\" data-id=\"69e4d7904bc6d\" data-height=\"\" data-height-mobile=\"\" data-height-tab=\"\" data-height-tab-portrait=\"\" data-height-mobile-landscape=\"\" style=\"clear:both;display:block;\"><\/div><div class=\"ult-spacer spacer-69e4d7904bc7f\" data-id=\"69e4d7904bc7f\" data-height=\"20\" data-height-mobile=\"20\" data-height-tab=\"20\" data-height-tab-portrait=\"\" data-height-mobile-landscape=\"\" style=\"clear:both;display:block;\"><\/div><div class=\"w-image align_center\"><a href=\"https:\/\/wasserngrat.ch\/bahn\/\" aria-label=\"Link\" class=\"w-image-h\"><img width=\"225\" height=\"300\" src=\"https:\/\/wasserngrat.ch\/wp-content\/uploads\/2024\/03\/wasserngrat_summerseason-2023-9-225x300.jpg\" class=\"attachment-medium size-medium\" alt=\"\" loading=\"lazy\" srcset=\"https:\/\/wasserngrat.ch\/wp-content\/uploads\/2024\/03\/wasserngrat_summerseason-2023-9-225x300.jpg 225w, https:\/\/wasserngrat.ch\/wp-content\/uploads\/2024\/03\/wasserngrat_summerseason-2023-9.jpg 667w\" sizes=\"(max-width: 225px) 100vw, 225px\" \/><\/a><\/div><div class=\"w-btn-wrapper align_center\"><a class=\"w-btn us-btn-style_3 us_custom_1655f3d5 has_text_color\" href=\"https:\/\/wasserngrat.ch\/bahn\/\"><span class=\"w-btn-label\">CLICK HERE TO REACH WASSERNGRAT CHAIRLIFT<\/span><\/a><\/div><div class=\"ult-spacer spacer-69e4d7904c103\" data-id=\"69e4d7904c103\" data-height=\"\" data-height-mobile=\"\" data-height-tab=\"\" data-height-tab-portrait=\"\" data-height-mobile-landscape=\"\" style=\"clear:both;display:block;\"><\/div><div class=\"ult-spacer spacer-69e4d7904c113\" data-id=\"69e4d7904c113\" data-height=\"\" data-height-mobile=\"\" data-height-tab=\"\" data-height-tab-portrait=\"\" data-height-mobile-landscape=\"\" style=\"clear:both;display:block;\"><\/div><div class=\"ult-spacer spacer-69e4d7904c120\" data-id=\"69e4d7904c120\" data-height=\"\" data-height-mobile=\"\" data-height-tab=\"\" data-height-tab-portrait=\"\" data-height-mobile-landscape=\"\" style=\"clear:both;display:block;\"><\/div><div class=\"w-socials us_custom_f2e9d009 landinginstagram has_text_color color_brand shape_square style_default hover_slide\"><div class=\"w-socials-list\"><div class=\"w-socials-item instagram\"><a class=\"w-socials-item-link\" href=\"https:\/\/www.instagram.com\/bergrestaurant_wasserngrat\/\" target=\"_blank\" rel=\"noopener nofollow\" title=\"Instagram\" aria-label=\"Instagram\"><span class=\"w-socials-item-link-hover\"><\/span><i class=\"fab fa-instagram\"><\/i><\/a><div class=\"w-socials-item-popup\"><span>Instagram<\/span><\/div><\/div><\/div><\/div><div class=\"w-btn-wrapper align_center\"><a class=\"w-btn us-btn-style_3 us_custom_1655f3d5 has_text_color\" href=\"https:\/\/wasserngrat.ch\/bahn\/\"><span class=\"w-btn-label\">CLICK HERE TO FOLLOW THE CHAIRLIFT&#8217;S INSTAGRAM<\/span><\/a><\/div><\/div><\/div><\/div><\/div><\/div><\/section><section class=\"l-section wpb_row height_auto\"><div class=\"l-section-h i-cf\"><div class=\"g-cols vc_row via_flex valign_top type_default\"><div class=\"vc_col-sm-12 wpb_column vc_column_container landingpage\"><div class=\"vc_column-inner\"><div class=\"wpb_wrapper\"><div class=\"ult-spacer spacer-69e4d7904c80f\" data-id=\"69e4d7904c80f\" data-height=\"20\" data-height-mobile=\"20\" data-height-tab=\"20\" data-height-tab-portrait=\"\" data-height-mobile-landscape=\"\" style=\"clear:both;display:block;\"><\/div><\/div><\/div><\/div><\/div><\/div><\/section><section class=\"l-section wpb_row height_auto color_footer-top\"><div class=\"l-section-h i-cf\"><div class=\"g-cols vc_row via_flex valign_top type_default\"><div class=\"vc_col-sm-12 wpb_column vc_column_container\"><div class=\"vc_column-inner\"><div class=\"wpb_wrapper\"><div class=\"wpb_text_column us_custom_0dd32b33\"><div class=\"wpb_wrapper\"><p style=\"text-align: center\"><strong>SOMMER 2024: DO &#8211; SO 25.07.-01.09.2024<\/strong><\/p>\n<p style=\"text-align: center\">DER GIPFEL DES GENUSSES UND SEIN TEAM BEGR\u00dcSST SIE SEHR GERNE DAS GANZE JAHR HINDURCH. F\u00dcR PRIVATANL\u00c4SSE \/ HOCHZEITEN SENDEN SIE UNS BITTE EINE ANFRAGE AUF <a href=\"mailto:INFO@WASSERNGRAT.CH\">INFO@WASSERNGRAT.CH<\/a><\/p>\n<\/div><\/div><\/div><\/div><\/div><\/div><\/div><\/section>\n","protected":false},"excerpt":{"rendered":"CLICK HERE TO OPEN THE RESTAURANT PAGEBOOK YOUR LUNCH HERECLICK HERE TO DOWNLOAD WEDDING BOOK WASSERNGRATFOLLOW US ON INSTAGRAMInstagramCLICK HERE TO REACH WASSERNGRAT CHAIRLIFTInstagramCLICK HERE TO FOLLOW THE CHAIRLIFT&#8217;S INSTAGRAMSOMMER 2024: DO &#8211; SO 25.07.-01.09.2024 DER GIPFEL DES GENUSSES UND SEIN TEAM BEGR\u00dcSST SIE SEHR GERNE DAS GANZE JAHR HINDURCH. F\u00dcR PRIVATANL\u00c4SSE \/ HOCHZEITEN SENDEN...","protected":false},"author":1,"featured_media":0,"parent":0,"menu_order":0,"comment_status":"closed","ping_status":"closed","template":"","meta":[],"yoast_head":"<!-- This site is optimized with the Yoast SEO plugin v19.1 - https:\/\/yoast.com\/wordpress\/plugins\/seo\/ -->\n<title>WELCOME TO WASSERNGRAT - Wasserngrat<\/title>\n<meta name=\"description\" content=\"Der Gipfel des Genusses bewirtet Sie zum gem\u00fctlichen Bergzmittag im Sommer, f\u00fcr einzigartige Events, traumhafte Hochzeitsfeiern und im Winter t\u00e4glich!\" \/>\n<meta name=\"robots\" content=\"index, follow, max-snippet:-1, max-image-preview:large, max-video-preview:-1\" \/>\n<link rel=\"canonical\" href=\"https:\/\/wasserngrat.ch\/en\/\" \/>\n<meta property=\"og:locale\" content=\"en_US\" \/>\n<meta property=\"og:type\" content=\"article\" \/>\n<meta property=\"og:title\" content=\"WELCOME TO WASSERNGRAT - Wasserngrat\" \/>\n<meta property=\"og:description\" content=\"Der Gipfel des Genusses bewirtet Sie zum gem\u00fctlichen Bergzmittag im Sommer, f\u00fcr einzigartige Events, traumhafte Hochzeitsfeiern und im Winter t\u00e4glich!\" \/>\n<meta property=\"og:url\" content=\"https:\/\/wasserngrat.ch\/en\/\" \/>\n<meta property=\"og:site_name\" content=\"Wasserngrat\" \/>\n<meta property=\"article:modified_time\" content=\"2024-03-29T15:52:11+00:00\" \/>\n<meta name=\"twitter:card\" content=\"summary_large_image\" \/>\n<meta name=\"twitter:label1\" content=\"Est. reading time\" \/>\n\t<meta name=\"twitter:data1\" content=\"1 minute\" \/>\n<script type=\"application\/ld+json\" class=\"yoast-schema-graph\">{\"@context\":\"https:\/\/schema.org\",\"@graph\":[{\"@type\":\"WebSite\",\"@id\":\"https:\/\/wasserngrat.ch\/#website\",\"url\":\"https:\/\/wasserngrat.ch\/\",\"name\":\"Wasserngrat\",\"description\":\"Gipfel des Genusses\",\"potentialAction\":[{\"@type\":\"SearchAction\",\"target\":{\"@type\":\"EntryPoint\",\"urlTemplate\":\"https:\/\/wasserngrat.ch\/?s={search_term_string}\"},\"query-input\":\"required name=search_term_string\"}],\"inLanguage\":\"en-US\"},{\"@type\":\"WebPage\",\"@id\":\"https:\/\/wasserngrat.ch\/en\/#webpage\",\"url\":\"https:\/\/wasserngrat.ch\/en\/\",\"name\":\"WELCOME TO WASSERNGRAT - Wasserngrat\",\"isPartOf\":{\"@id\":\"https:\/\/wasserngrat.ch\/#website\"},\"datePublished\":\"2022-06-02T13:43:19+00:00\",\"dateModified\":\"2024-03-29T15:52:11+00:00\",\"description\":\"Der Gipfel des Genusses bewirtet Sie zum gem\u00fctlichen Bergzmittag im Sommer, f\u00fcr einzigartige Events, traumhafte Hochzeitsfeiern und im Winter t\u00e4glich!\",\"breadcrumb\":{\"@id\":\"https:\/\/wasserngrat.ch\/en\/#breadcrumb\"},\"inLanguage\":\"en-US\",\"potentialAction\":[{\"@type\":\"ReadAction\",\"target\":[\"https:\/\/wasserngrat.ch\/en\/\"]}]},{\"@type\":\"BreadcrumbList\",\"@id\":\"https:\/\/wasserngrat.ch\/en\/#breadcrumb\",\"itemListElement\":[{\"@type\":\"ListItem\",\"position\":1,\"name\":\"Startseite\",\"item\":\"https:\/\/wasserngrat.ch\/\"},{\"@type\":\"ListItem\",\"position\":2,\"name\":\"WELCOME TO WASSERNGRAT\"}]}]}<\/script>\n<!-- \/ Yoast SEO plugin. -->","yoast_head_json":{"title":"WELCOME TO WASSERNGRAT - Wasserngrat","description":"Der Gipfel des Genusses bewirtet Sie zum gem\u00fctlichen Bergzmittag im Sommer, f\u00fcr einzigartige Events, traumhafte Hochzeitsfeiern und im Winter t\u00e4glich!","robots":{"index":"index","follow":"follow","max-snippet":"max-snippet:-1","max-image-preview":"max-image-preview:large","max-video-preview":"max-video-preview:-1"},"canonical":"https:\/\/wasserngrat.ch\/en\/","og_locale":"en_US","og_type":"article","og_title":"WELCOME TO WASSERNGRAT - Wasserngrat","og_description":"Der Gipfel des Genusses bewirtet Sie zum gem\u00fctlichen Bergzmittag im Sommer, f\u00fcr einzigartige Events, traumhafte Hochzeitsfeiern und im Winter t\u00e4glich!","og_url":"https:\/\/wasserngrat.ch\/en\/","og_site_name":"Wasserngrat","article_modified_time":"2024-03-29T15:52:11+00:00","twitter_card":"summary_large_image","twitter_misc":{"Est. reading time":"1 minute"},"schema":{"@context":"https:\/\/schema.org","@graph":[{"@type":"WebSite","@id":"https:\/\/wasserngrat.ch\/#website","url":"https:\/\/wasserngrat.ch\/","name":"Wasserngrat","description":"Gipfel des Genusses","potentialAction":[{"@type":"SearchAction","target":{"@type":"EntryPoint","urlTemplate":"https:\/\/wasserngrat.ch\/?s={search_term_string}"},"query-input":"required name=search_term_string"}],"inLanguage":"en-US"},{"@type":"WebPage","@id":"https:\/\/wasserngrat.ch\/en\/#webpage","url":"https:\/\/wasserngrat.ch\/en\/","name":"WELCOME TO WASSERNGRAT - Wasserngrat","isPartOf":{"@id":"https:\/\/wasserngrat.ch\/#website"},"datePublished":"2022-06-02T13:43:19+00:00","dateModified":"2024-03-29T15:52:11+00:00","description":"Der Gipfel des Genusses bewirtet Sie zum gem\u00fctlichen Bergzmittag im Sommer, f\u00fcr einzigartige Events, traumhafte Hochzeitsfeiern und im Winter t\u00e4glich!","breadcrumb":{"@id":"https:\/\/wasserngrat.ch\/en\/#breadcrumb"},"inLanguage":"en-US","potentialAction":[{"@type":"ReadAction","target":["https:\/\/wasserngrat.ch\/en\/"]}]},{"@type":"BreadcrumbList","@id":"https:\/\/wasserngrat.ch\/en\/#breadcrumb","itemListElement":[{"@type":"ListItem","position":1,"name":"Startseite","item":"https:\/\/wasserngrat.ch\/"},{"@type":"ListItem","position":2,"name":"WELCOME TO WASSERNGRAT"}]}]}},"acf":[],"_links":{"self":[{"href":"https:\/\/wasserngrat.ch\/en\/wp-json\/wp\/v2\/pages\/7980"}],"collection":[{"href":"https:\/\/wasserngrat.ch\/en\/wp-json\/wp\/v2\/pages"}],"about":[{"href":"https:\/\/wasserngrat.ch\/en\/wp-json\/wp\/v2\/types\/page"}],"author":[{"embeddable":true,"href":"https:\/\/wasserngrat.ch\/en\/wp-json\/wp\/v2\/users\/1"}],"replies":[{"embeddable":true,"href":"https:\/\/wasserngrat.ch\/en\/wp-json\/wp\/v2\/comments?post=7980"}],"version-history":[{"count":82,"href":"https:\/\/wasserngrat.ch\/en\/wp-json\/wp\/v2\/pages\/7980\/revisions"}],"predecessor-version":[{"id":8833,"href":"https:\/\/wasserngrat.ch\/en\/wp-json\/wp\/v2\/pages\/7980\/revisions\/8833"}],"wp:attachment":[{"href":"https:\/\/wasserngrat.ch\/en\/wp-json\/wp\/v2\/media?parent=7980"}],"curies":[{"name":"wp","href":"https:\/\/api.w.org\/{rel}","templated":true}]}}