{"id":7983,"date":"2022-06-02T15:07:03","date_gmt":"2022-06-02T13:07:03","guid":{"rendered":"https:\/\/wasserngrat.ch.80-74-150-110.hobo.sui-inter.net\/menuekarten\/"},"modified":"2022-06-08T15:43:41","modified_gmt":"2022-06-08T13:43:41","slug":"menuekarten","status":"publish","type":"page","link":"https:\/\/wasserngrat.ch\/en\/restaurant\/menuekarten\/","title":{"rendered":"Menu"},"content":{"rendered":"<section class=\"l-section wpb_row height_medium color_alternate\"><div class=\"l-section-h i-cf\"><div class=\"g-cols vc_row via_flex valign_top type_default\"><div class=\"vc_col-sm-12 wpb_column vc_column_container\"><div class=\"vc_column-inner\"><div class=\"wpb_wrapper\">[vc_custom_heading text=&#8221;Menu&#8221; font_container=&#8221;tag:h1|text_align:left&#8221; use_theme_fonts=&#8221;yes&#8221;]<div class=\"g-cols wpb_row via_flex valign_top type_default\"><div class=\"vc_col-sm-6 wpb_column vc_column_container\"><div class=\"vc_column-inner\"><div class=\"wpb_wrapper\"><div class=\"ult-spacer spacer-69e768310f089\" data-id=\"69e768310f089\" data-height=\"15\" data-height-mobile=\"15\" data-height-tab=\"15\" data-height-tab-portrait=\"\" data-height-mobile-landscape=\"\" style=\"clear:both;display:block;\"><\/div><div class=\"wpb_text_column\"><div class=\"wpb_wrapper\"><p>Top-quality, regional produce is prepared with passion and creativity and the resulting dishes served with select wines. The prospect is breathtaking \u2013 Nik and Simon Buchs and the team will take good care of you, all you have to do is enjoy!<\/p>\n<p>The cosy, lovingly designed restaurant can seat up to 160 inside and with using the terrace with our without a tent you can place up to another 250 guests.<\/p>\n<p>The \u00e0 la carte menu offers delicious lunches, freshly prepared daily with loving care.<\/p>\n<p>\u201ce Guete!\u201d as we say in Switzerland \u2013 we hope you enjoy your meal.<\/p>\n<p>&nbsp;<\/p>\n<p>With great pleasure we submit herewith the choice of our menu.<\/p>\n<p>A few highlights;<\/p>\n<ul>\n<li>Daily changing mountain soup with our without sausage<\/li>\n<li>Thai-Asia Soup with shrimps \u2013 colourful &amp; spicy<\/li>\n<li>Crunchy field salad from Gstaad out of Daniel\u2019s yard<\/li>\n<li>Beef Entrec\u00f4te from the Simmental with vegetables and french fries<\/li>\n<li>R\u00f6sti with sunny-side-up eggs and bacon or simple plain R\u00f6sti<\/li>\n<li>Fondue Moiti\u00e9-Moiti\u00e9<\/li>\n<li>Daily adapting desserts<\/li>\n<li>Meringues from Gruy\u00e8re with a lot of double cream<\/li>\n<\/ul>\n<\/div><\/div><\/div><\/div><\/div><div class=\"vc_col-sm-6 wpb_column vc_column_container\"><div class=\"vc_column-inner\"><div class=\"wpb_wrapper\"><div class=\"w-image align_none\"><div class=\"w-image-h\"><img width=\"1414\" height=\"2000\" src=\"https:\/\/wasserngrat.ch\/wp-content\/uploads\/2022\/06\/menuekarte-wassere-2020.png\" class=\"attachment-full size-full\" alt=\"\" loading=\"lazy\" srcset=\"https:\/\/wasserngrat.ch\/wp-content\/uploads\/2022\/06\/menuekarte-wassere-2020.png 1414w, https:\/\/wasserngrat.ch\/wp-content\/uploads\/2022\/06\/menuekarte-wassere-2020-212x300.png 212w, https:\/\/wasserngrat.ch\/wp-content\/uploads\/2022\/06\/menuekarte-wassere-2020-724x1024.png 724w\" sizes=\"(max-width: 1414px) 100vw, 1414px\" \/><\/div><\/div><\/div><\/div><\/div><\/div><div class=\"ult-spacer spacer-69e768310fc10\" data-id=\"69e768310fc10\" data-height=\"30\" data-height-mobile=\"30\" data-height-tab=\"30\" data-height-tab-portrait=\"\" data-height-mobile-landscape=\"\" style=\"clear:both;display:block;\"><\/div><div class=\"g-cols wpb_row via_flex valign_top type_default\"><div class=\"vc_col-sm-6 wpb_column vc_column_container\"><div class=\"vc_column-inner\"><div class=\"wpb_wrapper\"><div class=\"wpb_text_column\"><div class=\"wpb_wrapper\"><p>If you are not that hungry we recommend:<\/p>\n<p>Crunchy field salad with balsamic dressing or<\/p>\n<p>a R\u00f6sti with eggs.<\/p>\n<p>&nbsp;<\/p>\n<p>However, if you are very hungry then go for:<\/p>\n<p>Grilled veal sausage with onion gravy and crispy R\u00f6sti.<\/p>\n<p>Sliced veal from Saanen with R\u00f6sti<\/p>\n<p>Beef Entrec\u00f4te grilled with vegetables and gravy plus homemade french fries.<\/p>\n<p>Homemade beef tartar mild or spicy with salad and grilled Payasse from Early Beck Saanen.<\/p>\n<\/div><\/div><\/div><\/div><\/div><div class=\"vc_col-sm-6 wpb_column vc_column_container\"><div class=\"vc_column-inner\"><div class=\"wpb_wrapper\"><div class=\"wpb_text_column\"><div class=\"wpb_wrapper\"><p>Something extremely local and traditional:<\/p>\n<p>The Fondue! The Moiti\u00e9-Moiti\u00e9 from Gruy\u00e8re Mol\u00e9son is one of the\u00a0\u201cMust-do\u2019s\u201d\u00a0upon your visit at the Wasserngrat.<\/p>\n<p>You can pare it with pickless and potato and also add a shot of snaps. That is how Swiss people enjoy their Fondue.<\/p>\n<p>Or during winter season why not taste the white or black truffle sprinkled at the top of the melted cheese? mmmhhh delicious!<\/p>\n<p>&nbsp;<\/p>\n<p>Enjoy your meal and time with us!<\/p>\n<\/div><\/div><\/div><\/div><\/div><\/div><\/div><\/div><\/div><\/div><\/div><\/section>\n","protected":false},"excerpt":{"rendered":"[vc_custom_heading text=\"Menu\" font_container=\"tag:h1|text_align:left\" use_theme_fonts=\"yes\"]Top-quality, regional produce is prepared with passion and creativity and the resulting dishes served with select wines. The prospect is breathtaking \u2013 Nik and Simon Buchs and the team will take good care of you, all you have to do is enjoy! The cosy, lovingly designed restaurant can seat up to 160...","protected":false},"author":1,"featured_media":7898,"parent":8007,"menu_order":0,"comment_status":"closed","ping_status":"closed","template":"","meta":[],"yoast_head":"<!-- This site is optimized with the Yoast SEO plugin v19.1 - https:\/\/yoast.com\/wordpress\/plugins\/seo\/ -->\n<title>Menu - Wasserngrat<\/title>\n<meta name=\"robots\" content=\"index, follow, max-snippet:-1, max-image-preview:large, max-video-preview:-1\" \/>\n<link rel=\"canonical\" href=\"https:\/\/wasserngrat.ch\/en\/restaurant\/menuekarten\/\" \/>\n<meta property=\"og:locale\" content=\"en_US\" \/>\n<meta property=\"og:type\" content=\"article\" \/>\n<meta property=\"og:title\" content=\"Menu - Wasserngrat\" \/>\n<meta property=\"og:url\" content=\"https:\/\/wasserngrat.ch\/en\/restaurant\/menuekarten\/\" \/>\n<meta property=\"og:site_name\" content=\"Wasserngrat\" \/>\n<meta property=\"article:modified_time\" content=\"2022-06-08T13:43:41+00:00\" \/>\n<meta name=\"twitter:card\" content=\"summary_large_image\" \/>\n<meta name=\"twitter:label1\" content=\"Est. reading time\" \/>\n\t<meta name=\"twitter:data1\" content=\"2 minutes\" \/>\n<script type=\"application\/ld+json\" class=\"yoast-schema-graph\">{\"@context\":\"https:\/\/schema.org\",\"@graph\":[{\"@type\":\"WebSite\",\"@id\":\"https:\/\/wasserngrat.ch\/#website\",\"url\":\"https:\/\/wasserngrat.ch\/\",\"name\":\"Wasserngrat\",\"description\":\"Gipfel des Genusses\",\"potentialAction\":[{\"@type\":\"SearchAction\",\"target\":{\"@type\":\"EntryPoint\",\"urlTemplate\":\"https:\/\/wasserngrat.ch\/?s={search_term_string}\"},\"query-input\":\"required name=search_term_string\"}],\"inLanguage\":\"en-US\"},{\"@type\":\"ImageObject\",\"inLanguage\":\"en-US\",\"@id\":\"https:\/\/wasserngrat.ch\/en\/restaurant\/menuekarten\/#primaryimage\",\"url\":\"https:\/\/wasserngrat.ch\/wp-content\/uploads\/revslider\/fondue-wasserngrat_NOMADNESS_GST_CULINARY-16-scaled.jpg\",\"contentUrl\":\"https:\/\/wasserngrat.ch\/wp-content\/uploads\/revslider\/fondue-wasserngrat_NOMADNESS_GST_CULINARY-16-scaled.jpg\",\"width\":2560,\"height\":1709},{\"@type\":\"WebPage\",\"@id\":\"https:\/\/wasserngrat.ch\/en\/restaurant\/menuekarten\/#webpage\",\"url\":\"https:\/\/wasserngrat.ch\/en\/restaurant\/menuekarten\/\",\"name\":\"Menu - Wasserngrat\",\"isPartOf\":{\"@id\":\"https:\/\/wasserngrat.ch\/#website\"},\"primaryImageOfPage\":{\"@id\":\"https:\/\/wasserngrat.ch\/en\/restaurant\/menuekarten\/#primaryimage\"},\"datePublished\":\"2022-06-02T13:07:03+00:00\",\"dateModified\":\"2022-06-08T13:43:41+00:00\",\"breadcrumb\":{\"@id\":\"https:\/\/wasserngrat.ch\/en\/restaurant\/menuekarten\/#breadcrumb\"},\"inLanguage\":\"en-US\",\"potentialAction\":[{\"@type\":\"ReadAction\",\"target\":[\"https:\/\/wasserngrat.ch\/en\/restaurant\/menuekarten\/\"]}]},{\"@type\":\"BreadcrumbList\",\"@id\":\"https:\/\/wasserngrat.ch\/en\/restaurant\/menuekarten\/#breadcrumb\",\"itemListElement\":[{\"@type\":\"ListItem\",\"position\":1,\"name\":\"Startseite\",\"item\":\"https:\/\/wasserngrat.ch\/\"},{\"@type\":\"ListItem\",\"position\":2,\"name\":\"Restaurant\",\"item\":\"https:\/\/wasserngrat.ch\/en\/restaurant\/\"},{\"@type\":\"ListItem\",\"position\":3,\"name\":\"Menu\"}]}]}<\/script>\n<!-- \/ Yoast SEO plugin. -->","yoast_head_json":{"title":"Menu - Wasserngrat","robots":{"index":"index","follow":"follow","max-snippet":"max-snippet:-1","max-image-preview":"max-image-preview:large","max-video-preview":"max-video-preview:-1"},"canonical":"https:\/\/wasserngrat.ch\/en\/restaurant\/menuekarten\/","og_locale":"en_US","og_type":"article","og_title":"Menu - Wasserngrat","og_url":"https:\/\/wasserngrat.ch\/en\/restaurant\/menuekarten\/","og_site_name":"Wasserngrat","article_modified_time":"2022-06-08T13:43:41+00:00","twitter_card":"summary_large_image","twitter_misc":{"Est. reading time":"2 minutes"},"schema":{"@context":"https:\/\/schema.org","@graph":[{"@type":"WebSite","@id":"https:\/\/wasserngrat.ch\/#website","url":"https:\/\/wasserngrat.ch\/","name":"Wasserngrat","description":"Gipfel des Genusses","potentialAction":[{"@type":"SearchAction","target":{"@type":"EntryPoint","urlTemplate":"https:\/\/wasserngrat.ch\/?s={search_term_string}"},"query-input":"required name=search_term_string"}],"inLanguage":"en-US"},{"@type":"ImageObject","inLanguage":"en-US","@id":"https:\/\/wasserngrat.ch\/en\/restaurant\/menuekarten\/#primaryimage","url":"https:\/\/wasserngrat.ch\/wp-content\/uploads\/revslider\/fondue-wasserngrat_NOMADNESS_GST_CULINARY-16-scaled.jpg","contentUrl":"https:\/\/wasserngrat.ch\/wp-content\/uploads\/revslider\/fondue-wasserngrat_NOMADNESS_GST_CULINARY-16-scaled.jpg","width":2560,"height":1709},{"@type":"WebPage","@id":"https:\/\/wasserngrat.ch\/en\/restaurant\/menuekarten\/#webpage","url":"https:\/\/wasserngrat.ch\/en\/restaurant\/menuekarten\/","name":"Menu - Wasserngrat","isPartOf":{"@id":"https:\/\/wasserngrat.ch\/#website"},"primaryImageOfPage":{"@id":"https:\/\/wasserngrat.ch\/en\/restaurant\/menuekarten\/#primaryimage"},"datePublished":"2022-06-02T13:07:03+00:00","dateModified":"2022-06-08T13:43:41+00:00","breadcrumb":{"@id":"https:\/\/wasserngrat.ch\/en\/restaurant\/menuekarten\/#breadcrumb"},"inLanguage":"en-US","potentialAction":[{"@type":"ReadAction","target":["https:\/\/wasserngrat.ch\/en\/restaurant\/menuekarten\/"]}]},{"@type":"BreadcrumbList","@id":"https:\/\/wasserngrat.ch\/en\/restaurant\/menuekarten\/#breadcrumb","itemListElement":[{"@type":"ListItem","position":1,"name":"Startseite","item":"https:\/\/wasserngrat.ch\/"},{"@type":"ListItem","position":2,"name":"Restaurant","item":"https:\/\/wasserngrat.ch\/en\/restaurant\/"},{"@type":"ListItem","position":3,"name":"Menu"}]}]}},"acf":[],"_links":{"self":[{"href":"https:\/\/wasserngrat.ch\/en\/wp-json\/wp\/v2\/pages\/7983"}],"collection":[{"href":"https:\/\/wasserngrat.ch\/en\/wp-json\/wp\/v2\/pages"}],"about":[{"href":"https:\/\/wasserngrat.ch\/en\/wp-json\/wp\/v2\/types\/page"}],"author":[{"embeddable":true,"href":"https:\/\/wasserngrat.ch\/en\/wp-json\/wp\/v2\/users\/1"}],"replies":[{"embeddable":true,"href":"https:\/\/wasserngrat.ch\/en\/wp-json\/wp\/v2\/comments?post=7983"}],"version-history":[{"count":2,"href":"https:\/\/wasserngrat.ch\/en\/wp-json\/wp\/v2\/pages\/7983\/revisions"}],"predecessor-version":[{"id":8037,"href":"https:\/\/wasserngrat.ch\/en\/wp-json\/wp\/v2\/pages\/7983\/revisions\/8037"}],"up":[{"embeddable":true,"href":"https:\/\/wasserngrat.ch\/en\/wp-json\/wp\/v2\/pages\/8007"}],"wp:featuredmedia":[{"embeddable":true,"href":"https:\/\/wasserngrat.ch\/en\/wp-json\/wp\/v2\/media\/7898"}],"wp:attachment":[{"href":"https:\/\/wasserngrat.ch\/en\/wp-json\/wp\/v2\/media?parent=7983"}],"curies":[{"name":"wp","href":"https:\/\/api.w.org\/{rel}","templated":true}]}}